{"id":18,"date":"2024-05-19T15:12:45","date_gmt":"2024-05-19T15:12:45","guid":{"rendered":"https:\/\/infinitysolutionsgroup.hr\/?page_id=18"},"modified":"2026-01-26T08:43:30","modified_gmt":"2026-01-26T08:43:30","slug":"usluge","status":"publish","type":"page","link":"https:\/\/infinitysolutionsgroup.hr\/en\/usluge\/","title":{"rendered":"Our service"},"content":{"rendered":"<div data-elementor-type=\"wp-post\" data-elementor-id=\"18\" class=\"elementor elementor-18\">\n\t\t\t\t<div class=\"elementor-element elementor-element-5774152 e-flex e-con-boxed e-con e-parent\" data-id=\"5774152\" data-element_type=\"container\">\n\t\t\t\t\t<div class=\"e-con-inner\">\n\t\t\t\t<div class=\"elementor-element elementor-element-897588f elementor-widget elementor-widget-heading\" data-id=\"897588f\" data-element_type=\"widget\" data-widget_type=\"heading.default\">\n\t\t\t\t<div class=\"elementor-widget-container\">\n\t\t\t\t\t<h2 class=\"elementor-heading-title elementor-size-default\">Na\u0161e usluge<\/h2>\t\t\t\t<\/div>\n\t\t\t\t<\/div>\n\t\t\t\t\t<\/div>\n\t\t\t\t<\/div>\n\t\t<div class=\"elementor-element elementor-element-5b2df2a e-flex e-con-boxed e-con e-parent\" data-id=\"5b2df2a\" data-element_type=\"container\">\n\t\t\t\t\t<div class=\"e-con-inner\">\n\t\t\t\t\t<\/div>\n\t\t\t\t<\/div>\n\t\t<div class=\"elementor-element elementor-element-b456796 e-flex e-con-boxed e-con e-parent\" data-id=\"b456796\" data-element_type=\"container\">\n\t\t\t\t\t<div class=\"e-con-inner\">\n\t\t<div class=\"elementor-element elementor-element-8572c61 e-con-full e-flex e-con e-child\" data-id=\"8572c61\" data-element_type=\"container\">\n\t\t\t\t<div class=\"elementor-element elementor-element-ca803c7 elementor-widget__width-initial elementor-position-top elementor-invisible elementor-widget elementor-widget-image-box\" data-id=\"ca803c7\" data-element_type=\"widget\" data-settings=\"{&quot;_animation&quot;:&quot;zoomIn&quot;}\" data-widget_type=\"image-box.default\">\n\t\t\t\t<div class=\"elementor-widget-container\">\n\t\t\t\t\t<div class=\"elementor-image-box-wrapper\"><figure class=\"elementor-image-box-img\"><a href=\"https:\/\/storageyard.hr\/\" tabindex=\"-1\"><img fetchpriority=\"high\" decoding=\"async\" width=\"768\" height=\"512\" src=\"https:\/\/infinitysolutionsgroup.hr\/wp-content\/uploads\/2025\/02\/STORAGE-YARD-SPLIT-3.jpg\" class=\"attachment-full size-full wp-image-2009\" alt=\"Najam skladi\u0161ta u Splitu\" srcset=\"https:\/\/infinitysolutionsgroup.hr\/wp-content\/uploads\/2025\/02\/STORAGE-YARD-SPLIT-3.jpg 768w, https:\/\/infinitysolutionsgroup.hr\/wp-content\/uploads\/2025\/02\/STORAGE-YARD-SPLIT-3-300x200.jpg 300w, https:\/\/infinitysolutionsgroup.hr\/wp-content\/uploads\/2025\/02\/STORAGE-YARD-SPLIT-3-18x12.jpg 18w, https:\/\/infinitysolutionsgroup.hr\/wp-content\/uploads\/2025\/02\/STORAGE-YARD-SPLIT-3-360x240.jpg 360w\" sizes=\"(max-width: 768px) 100vw, 768px\" \/><\/a><\/figure><div class=\"elementor-image-box-content\"><h3 class=\"elementor-image-box-title\"><a href=\"https:\/\/storageyard.hr\/\">STORAGE YARD<\/a><\/h3><\/div><\/div>\t\t\t\t<\/div>\n\t\t\t\t<\/div>\n\t\t\t\t<div class=\"elementor-element elementor-element-9dbf121 elementor-position-top elementor-invisible elementor-widget elementor-widget-image-box\" data-id=\"9dbf121\" data-element_type=\"widget\" data-settings=\"{&quot;_animation&quot;:&quot;zoomIn&quot;}\" data-widget_type=\"image-box.default\">\n\t\t\t\t<div class=\"elementor-widget-container\">\n\t\t\t\t\t<div class=\"elementor-image-box-wrapper\"><figure class=\"elementor-image-box-img\"><a href=\"https:\/\/infinitysolutionsgroup.hr\/prodaja-kontejnera\/\" tabindex=\"-1\"><img decoding=\"async\" width=\"768\" height=\"512\" src=\"https:\/\/infinitysolutionsgroup.hr\/wp-content\/uploads\/2025\/06\/kontejneri-split-1.webp\" class=\"attachment-full size-full wp-image-2565\" alt=\"kontejneri-split\" srcset=\"https:\/\/infinitysolutionsgroup.hr\/wp-content\/uploads\/2025\/06\/kontejneri-split-1.webp 768w, https:\/\/infinitysolutionsgroup.hr\/wp-content\/uploads\/2025\/06\/kontejneri-split-1-300x200.webp 300w, https:\/\/infinitysolutionsgroup.hr\/wp-content\/uploads\/2025\/06\/kontejneri-split-1-18x12.webp 18w, https:\/\/infinitysolutionsgroup.hr\/wp-content\/uploads\/2025\/06\/kontejneri-split-1-360x240.webp 360w\" sizes=\"(max-width: 768px) 100vw, 768px\" \/><\/a><\/figure><div class=\"elementor-image-box-content\"><h3 class=\"elementor-image-box-title\"><a href=\"https:\/\/infinitysolutionsgroup.hr\/prodaja-kontejnera\/\">PRODAJA KONTEJNERA<\/a><\/h3><\/div><\/div>\t\t\t\t<\/div>\n\t\t\t\t<\/div>\n\t\t\t\t<\/div>\n\t\t<div class=\"elementor-element elementor-element-8a8fbb7 e-con-full e-flex e-con e-child\" data-id=\"8a8fbb7\" data-element_type=\"container\">\n\t\t\t\t<div class=\"elementor-element elementor-element-fc93709 elementor-position-top elementor-invisible elementor-widget elementor-widget-image-box\" data-id=\"fc93709\" data-element_type=\"widget\" data-settings=\"{&quot;_animation&quot;:&quot;zoomIn&quot;}\" data-widget_type=\"image-box.default\">\n\t\t\t\t<div class=\"elementor-widget-container\">\n\t\t\t\t\t<div class=\"elementor-image-box-wrapper\"><figure class=\"elementor-image-box-img\"><a href=\"https:\/\/infinitysolutionsgroup.hr\/prodaja-mobilnih-kuca\/\" tabindex=\"-1\"><img decoding=\"async\" width=\"768\" height=\"512\" src=\"https:\/\/infinitysolutionsgroup.hr\/wp-content\/uploads\/2026\/01\/prodaja-mobilnih-kuca-split-1.webp\" class=\"attachment-full size-full wp-image-2675\" alt=\"prodaja mobilnih kuca split\" srcset=\"https:\/\/infinitysolutionsgroup.hr\/wp-content\/uploads\/2026\/01\/prodaja-mobilnih-kuca-split-1.webp 768w, https:\/\/infinitysolutionsgroup.hr\/wp-content\/uploads\/2026\/01\/prodaja-mobilnih-kuca-split-1-300x200.webp 300w, https:\/\/infinitysolutionsgroup.hr\/wp-content\/uploads\/2026\/01\/prodaja-mobilnih-kuca-split-1-18x12.webp 18w, https:\/\/infinitysolutionsgroup.hr\/wp-content\/uploads\/2026\/01\/prodaja-mobilnih-kuca-split-1-360x240.webp 360w\" sizes=\"(max-width: 768px) 100vw, 768px\" \/><\/a><\/figure><div class=\"elementor-image-box-content\"><h3 class=\"elementor-image-box-title\"><a href=\"https:\/\/infinitysolutionsgroup.hr\/prodaja-mobilnih-kuca\/\">MOBILNE SKLOPIVE KU\u0106E ZA PRODAJU<\/a><\/h3><\/div><\/div>\t\t\t\t<\/div>\n\t\t\t\t<\/div>\n\t\t\t\t<div class=\"elementor-element elementor-element-67ae637 elementor-position-top elementor-invisible elementor-widget elementor-widget-image-box\" data-id=\"67ae637\" data-element_type=\"widget\" data-settings=\"{&quot;_animation&quot;:&quot;zoomIn&quot;}\" data-widget_type=\"image-box.default\">\n\t\t\t\t<div class=\"elementor-widget-container\">\n\t\t\t\t\t<div class=\"elementor-image-box-wrapper\"><figure class=\"elementor-image-box-img\"><a href=\"https:\/\/infinitysolutionsgroup.hr\/energetski-opremljeni-kontejneri\/\" tabindex=\"-1\"><img loading=\"lazy\" decoding=\"async\" width=\"768\" height=\"512\" src=\"https:\/\/infinitysolutionsgroup.hr\/wp-content\/uploads\/2025\/05\/Victron-Energy-sustav.jpg\" class=\"attachment-full size-full wp-image-2279\" alt=\"Victron Energy sustav\" srcset=\"https:\/\/infinitysolutionsgroup.hr\/wp-content\/uploads\/2025\/05\/Victron-Energy-sustav.jpg 768w, https:\/\/infinitysolutionsgroup.hr\/wp-content\/uploads\/2025\/05\/Victron-Energy-sustav-300x200.jpg 300w, https:\/\/infinitysolutionsgroup.hr\/wp-content\/uploads\/2025\/05\/Victron-Energy-sustav-18x12.jpg 18w, https:\/\/infinitysolutionsgroup.hr\/wp-content\/uploads\/2025\/05\/Victron-Energy-sustav-360x240.jpg 360w\" sizes=\"(max-width: 768px) 100vw, 768px\" \/><\/a><\/figure><div class=\"elementor-image-box-content\"><h3 class=\"elementor-image-box-title\"><a href=\"https:\/\/infinitysolutionsgroup.hr\/energetski-opremljeni-kontejneri\/\">ENERGETSKI OPREMLJENI KONTEJNERI<\/a><\/h3><\/div><\/div>\t\t\t\t<\/div>\n\t\t\t\t<\/div>\n\t\t\t\t<\/div>\n\t\t\t\t\t<\/div>\n\t\t\t\t<\/div>\n\t\t<div class=\"elementor-element elementor-element-76fe1e4 e-grid e-con-boxed e-con e-parent\" data-id=\"76fe1e4\" data-element_type=\"container\" data-settings=\"{&quot;background_background&quot;:&quot;classic&quot;}\">\n\t\t\t\t\t<div class=\"e-con-inner\">\n\t\t\t\t<div class=\"elementor-element elementor-element-29c9f9b elementor-widget elementor-widget-text-editor\" data-id=\"29c9f9b\" data-element_type=\"widget\" data-widget_type=\"text-editor.default\">\n\t\t\t\t<div class=\"elementor-widget-container\">\n\t\t\t\t\t\t\t\t\t<br><span style=\"color: inherit; font-size: inherit; text-align: var(--text-align);\"><h3>We are here for all your questions<\/span><h3>\n<h5>INFINITY SOLUTIONS GROUP D.O.O.<\/h5>\n<i class=\"fas fa-phone\" style=\"font-size: 35px;\"><\/i> \u00a0\u00a0\u00a0Mob: 091\/549-4511<br><br>\n\n<i class=\"fas fa-envelope\" style=\"font-size: 35px;\"><\/i>\u00a0\u00a0\u00a0E-mail: info@infinitysolutionsgroup.hr<br><br>\n\n<i class=\"fas fa-map-marker-alt\" style=\"font-size: 35px;\"><\/i>\u00a0\u00a0\u00a0 Ured: Ulica Hrvatske Neovisnosti 7, Split\t\t\t\t\t\t\t\t<\/div>\n\t\t\t\t<\/div>\n\t\t\t\t<div class=\"elementor-element elementor-element-a5ab13f elementor-widget elementor-widget-text-editor\" data-id=\"a5ab13f\" data-element_type=\"widget\" data-widget_type=\"text-editor.default\">\n\t\t\t\t<div class=\"elementor-widget-container\">\n\t\t\t\t\t\t\t\t\t<h1><span><style id=\"wpforms-css-vars-59\">\n\t\t\t\t#wpforms-59 {\n\t\t\t\t\n\t\t\t}\n\t\t\t<\/style><div class=\"wpforms-container wpforms-container-full wpforms-render-modern\" id=\"wpforms-59\"><form id=\"wpforms-form-59\" class=\"wpforms-validate wpforms-form wpforms-ajax-form\" data-formid=\"59\" method=\"post\" enctype=\"multipart\/form-data\" action=\"\/en\/wp-json\/wp\/v2\/pages\/18\" data-token=\"7b23f0e2e38367174308b89cc0a55e75\" data-token-time=\"1769691747\" data-trp-original-action=\"\/en\/wp-json\/wp\/v2\/pages\/18\"><noscript class=\"wpforms-error-noscript\">Please enable JavaScript in your browser to complete this form.<\/noscript><div id=\"wpforms-error-noscript\" style=\"display: none;\">Please enable JavaScript in your browser to complete this form.<\/div><div class=\"wpforms-field-container\"><div id=\"wpforms-59-field_0-container\" class=\"wpforms-field wpforms-field-name\" data-field-id=\"0\"><label class=\"wpforms-field-label\" for=\"wpforms-59-field_0\">Name and surname: <span class=\"wpforms-required-label\" aria-hidden=\"true\">*<\/span><\/label><input type=\"text\" id=\"wpforms-59-field_0\" class=\"wpforms-field-medium wpforms-field-required\" name=\"wpforms[fields][0]\" aria-errormessage=\"wpforms-59-field_0-error\" required><\/div><div id=\"wpforms-59-field_1-container\" class=\"wpforms-field wpforms-field-email\" data-field-id=\"1\"><label class=\"wpforms-field-label\" for=\"wpforms-59-field_1\">Email: <span class=\"wpforms-required-label\" aria-hidden=\"true\">*<\/span><\/label><input type=\"email\" id=\"wpforms-59-field_1\" class=\"wpforms-field-medium wpforms-field-required\" name=\"wpforms[fields][1]\" spellcheck=\"false\" aria-errormessage=\"wpforms-59-field_1-error\" required><\/div><div id=\"wpforms-59-field_2-container\" class=\"wpforms-field wpforms-field-textarea\" data-field-id=\"2\"><label class=\"wpforms-field-label\" for=\"wpforms-59-field_2\">Message:<\/label><textarea id=\"wpforms-59-field_2\" class=\"wpforms-field-medium\" name=\"wpforms[fields][2]\" aria-errormessage=\"wpforms-59-field_2-error\" ><\/textarea><\/div><div id=\"wpforms-59-field_3-container\" class=\"wpforms-field wpforms-field-checkbox\" data-field-id=\"3\"><fieldset><legend class=\"wpforms-field-label\">Would you like to receive our latest information and offers?<\/legend><ul id=\"wpforms-59-field_3\"><li class=\"choice-1 depth-1\"><input type=\"checkbox\" id=\"wpforms-59-field_3_1\" name=\"wpforms[fields][3][]\" value=\"Da, pretplati me na newsletter.\" aria-errormessage=\"wpforms-59-field_3_1-error\"  ><label class=\"wpforms-field-label-inline\" for=\"wpforms-59-field_3_1\">Yes, subscribe to our newsletter.<\/label><\/li><\/ul><\/fieldset><\/div><\/div><!-- .wpforms-field-container --><div class=\"wpforms-recaptcha-container wpforms-is-recaptcha wpforms-is-recaptcha-type-v2\" ><div class=\"g-recaptcha\" data-sitekey=\"6Lf9p7QqAAAAALsXTgVvB6o84Ii7i5NwZNRijKCh\"><\/div><input type=\"text\" name=\"g-recaptcha-hidden\" class=\"wpforms-recaptcha-hidden\" style=\"position:absolute!important;clip:rect(0,0,0,0)!important;height:1px!important;width:1px!important;border:0!important;overflow:hidden!important;padding:0!important;margin:0!important;\" data-rule-recaptcha=\"1\"><\/div><div class=\"wpforms-submit-container\" ><input type=\"hidden\" name=\"wpforms[id]\" value=\"59\"><input type=\"hidden\" name=\"page_title\" value=\"\"><input type=\"hidden\" name=\"page_url\" value=\"https:\/\/infinitysolutionsgroup.hr\/en\/wp-json\/wp\/v2\/pages\/18\"><input type=\"hidden\" name=\"url_referer\" value=\"\"><button type=\"submit\" name=\"wpforms[submit]\" id=\"wpforms-submit-59\" class=\"wpforms-submit\" data-alt-text=\"\u0160aljem...\" data-submit-text=\"Po\u0161alji\" aria-live=\"assertive\" value=\"wpforms-submit\">Po\u0161alji<\/button><img loading=\"lazy\" decoding=\"async\" src=\"https:\/\/infinitysolutionsgroup.hr\/wp-content\/plugins\/wpforms-lite\/assets\/images\/submit-spin.svg\" class=\"wpforms-submit-spinner\" style=\"display: none;\" width=\"26\" height=\"26\" alt=\"Loading\"><\/div><input type=\"hidden\" name=\"trp-form-language\" value=\"en\"\/><\/form><\/div>  <!-- .wpforms-container --><\/span><\/h1>\t\t\t\t\t\t\t\t<\/div>\n\t\t\t\t<\/div>\n\t\t\t\t\t<\/div>\n\t\t\t\t<\/div>\n\t\t\t\t<\/div>","protected":false},"excerpt":{"rendered":"<p>Na\u0161e usluge STORAGE YARD PRODAJA KONTEJNERA MOBILNE SKLOPIVE KU\u0106E ZA PRODAJU ENERGETSKI OPREMLJENI KONTEJNERI Tu smo za sva Va\u0161a pitanja INFINITY SOLUTIONS GROUP D.O.O. \u00a0\u00a0\u00a0Mob: 091\/549-4511 \u00a0\u00a0\u00a0E-mail: info@infinitysolutionsgroup.hr \u00a0\u00a0\u00a0 Ured: Ulica Hrvatske Neovisnosti 7, Split<\/p>","protected":false},"author":1,"featured_media":0,"parent":0,"menu_order":0,"comment_status":"closed","ping_status":"closed","template":"page-templates\/template-pagebuilder-full-width.php","meta":{"footnotes":""},"class_list":["post-18","page","type-page","status-publish","hentry"],"yoast_head":"<!-- This site is optimized with the Yoast SEO plugin v26.3 - https:\/\/yoast.com\/wordpress\/plugins\/seo\/ -->\n<title>Usluge - Prodaja mobilnih ku\u0107a, storage yard i prodaja kontejnera<\/title>\n<meta name=\"description\" content=\"Tu smo za sva Va\u0161a pitanja o suhom vezu za brodove u Splitu, betonskim modularnim blokovima, podkonstrukciji za fotonaponske module i skladi\u0161nom prostoru u Splitu.\" \/>\n<meta name=\"robots\" content=\"index, follow, max-snippet:-1, max-image-preview:large, max-video-preview:-1\" \/>\n<link rel=\"canonical\" href=\"https:\/\/infinitysolutionsgroup.hr\/en\/usluge\/\" \/>\n<meta property=\"og:locale\" content=\"en_US\" \/>\n<meta property=\"og:type\" content=\"article\" \/>\n<meta property=\"og:title\" content=\"Usluge - Prodaja mobilnih ku\u0107a, storage yard i prodaja kontejnera\" \/>\n<meta property=\"og:description\" content=\"Tu smo za sva Va\u0161a pitanja o suhom vezu za brodove u Splitu, betonskim modularnim blokovima, podkonstrukciji za fotonaponske module i skladi\u0161nom prostoru u Splitu.\" \/>\n<meta property=\"og:url\" content=\"https:\/\/infinitysolutionsgroup.hr\/en\/usluge\/\" \/>\n<meta property=\"og:site_name\" content=\"Infinity Solutions Group\" \/>\n<meta property=\"article:modified_time\" content=\"2026-01-26T08:43:30+00:00\" \/>\n<meta property=\"og:image\" content=\"https:\/\/infinitysolutionsgroup.hr\/wp-content\/uploads\/2025\/02\/STORAGE-YARD-SPLIT-3.jpg\" \/>\n\t<meta property=\"og:image:width\" content=\"768\" \/>\n\t<meta property=\"og:image:height\" content=\"512\" \/>\n\t<meta property=\"og:image:type\" content=\"image\/jpeg\" \/>\n<meta name=\"twitter:card\" content=\"summary_large_image\" \/>\n<meta name=\"twitter:label1\" content=\"Est. reading time\" \/>\n\t<meta name=\"twitter:data1\" content=\"2 minutes\" \/>\n<script type=\"application\/ld+json\" class=\"yoast-schema-graph\">{\"@context\":\"https:\/\/schema.org\",\"@graph\":[{\"@type\":\"WebPage\",\"@id\":\"https:\/\/infinitysolutionsgroup.hr\/usluge\/\",\"url\":\"https:\/\/infinitysolutionsgroup.hr\/usluge\/\",\"name\":\"Usluge - Prodaja mobilnih ku\u0107a, storage yard i prodaja kontejnera\",\"isPartOf\":{\"@id\":\"https:\/\/infinitysolutionsgroup.hr\/#website\"},\"primaryImageOfPage\":{\"@id\":\"https:\/\/infinitysolutionsgroup.hr\/usluge\/#primaryimage\"},\"image\":{\"@id\":\"https:\/\/infinitysolutionsgroup.hr\/usluge\/#primaryimage\"},\"thumbnailUrl\":\"https:\/\/infinitysolutionsgroup.hr\/wp-content\/uploads\/2025\/02\/STORAGE-YARD-SPLIT-3.jpg\",\"datePublished\":\"2024-05-19T15:12:45+00:00\",\"dateModified\":\"2026-01-26T08:43:30+00:00\",\"description\":\"Tu smo za sva Va\u0161a pitanja o suhom vezu za brodove u Splitu, betonskim modularnim blokovima, podkonstrukciji za fotonaponske module i skladi\u0161nom prostoru u Splitu.\",\"breadcrumb\":{\"@id\":\"https:\/\/infinitysolutionsgroup.hr\/usluge\/#breadcrumb\"},\"inLanguage\":\"en-US\",\"potentialAction\":[{\"@type\":\"ReadAction\",\"target\":[\"https:\/\/infinitysolutionsgroup.hr\/usluge\/\"]}]},{\"@type\":\"ImageObject\",\"inLanguage\":\"en-US\",\"@id\":\"https:\/\/infinitysolutionsgroup.hr\/usluge\/#primaryimage\",\"url\":\"https:\/\/infinitysolutionsgroup.hr\/wp-content\/uploads\/2025\/02\/STORAGE-YARD-SPLIT-3.jpg\",\"contentUrl\":\"https:\/\/infinitysolutionsgroup.hr\/wp-content\/uploads\/2025\/02\/STORAGE-YARD-SPLIT-3.jpg\"},{\"@type\":\"BreadcrumbList\",\"@id\":\"https:\/\/infinitysolutionsgroup.hr\/usluge\/#breadcrumb\",\"itemListElement\":[{\"@type\":\"ListItem\",\"position\":1,\"name\":\"Home\",\"item\":\"https:\/\/infinitysolutionsgroup.hr\/\"},{\"@type\":\"ListItem\",\"position\":2,\"name\":\"Usluge\"}]},{\"@type\":\"WebSite\",\"@id\":\"https:\/\/infinitysolutionsgroup.hr\/#website\",\"url\":\"https:\/\/infinitysolutionsgroup.hr\/\",\"name\":\"Infinity Solutions Group\",\"description\":\"Prodaja mobilnih ku\u0107a, storage yard i prodaja kontejnera\",\"publisher\":{\"@id\":\"https:\/\/infinitysolutionsgroup.hr\/#organization\"},\"potentialAction\":[{\"@type\":\"SearchAction\",\"target\":{\"@type\":\"EntryPoint\",\"urlTemplate\":\"https:\/\/infinitysolutionsgroup.hr\/?s={search_term_string}\"},\"query-input\":{\"@type\":\"PropertyValueSpecification\",\"valueRequired\":true,\"valueName\":\"search_term_string\"}}],\"inLanguage\":\"en-US\"},{\"@type\":\"Organization\",\"@id\":\"https:\/\/infinitysolutionsgroup.hr\/#organization\",\"name\":\"Infinity Solutions Group\",\"url\":\"https:\/\/infinitysolutionsgroup.hr\/\",\"logo\":{\"@type\":\"ImageObject\",\"inLanguage\":\"en-US\",\"@id\":\"https:\/\/infinitysolutionsgroup.hr\/#\/schema\/logo\/image\/\",\"url\":\"https:\/\/infinitysolutionsgroup.hr\/wp-content\/uploads\/2024\/07\/Infinity-solutions-group-logo.jpg\",\"contentUrl\":\"https:\/\/infinitysolutionsgroup.hr\/wp-content\/uploads\/2024\/07\/Infinity-solutions-group-logo.jpg\",\"width\":138,\"height\":106,\"caption\":\"Infinity Solutions Group\"},\"image\":{\"@id\":\"https:\/\/infinitysolutionsgroup.hr\/#\/schema\/logo\/image\/\"}}]}<\/script>\n<!-- \/ Yoast SEO plugin. -->","yoast_head_json":{"title":"Usluge - Prodaja mobilnih ku\u0107a, storage yard i prodaja kontejnera","description":"Tu smo za sva Va\u0161a pitanja o suhom vezu za brodove u Splitu, betonskim modularnim blokovima, podkonstrukciji za fotonaponske module i skladi\u0161nom prostoru u Splitu.","robots":{"index":"index","follow":"follow","max-snippet":"max-snippet:-1","max-image-preview":"max-image-preview:large","max-video-preview":"max-video-preview:-1"},"canonical":"https:\/\/infinitysolutionsgroup.hr\/en\/usluge\/","og_locale":"en_US","og_type":"article","og_title":"Usluge - Prodaja mobilnih ku\u0107a, storage yard i prodaja kontejnera","og_description":"Tu smo za sva Va\u0161a pitanja o suhom vezu za brodove u Splitu, betonskim modularnim blokovima, podkonstrukciji za fotonaponske module i skladi\u0161nom prostoru u Splitu.","og_url":"https:\/\/infinitysolutionsgroup.hr\/en\/usluge\/","og_site_name":"Infinity Solutions Group","article_modified_time":"2026-01-26T08:43:30+00:00","og_image":[{"width":768,"height":512,"url":"https:\/\/infinitysolutionsgroup.hr\/wp-content\/uploads\/2025\/02\/STORAGE-YARD-SPLIT-3.jpg","type":"image\/jpeg"}],"twitter_card":"summary_large_image","twitter_misc":{"Est. reading time":"2 minutes"},"schema":{"@context":"https:\/\/schema.org","@graph":[{"@type":"WebPage","@id":"https:\/\/infinitysolutionsgroup.hr\/usluge\/","url":"https:\/\/infinitysolutionsgroup.hr\/usluge\/","name":"Usluge - Prodaja mobilnih ku\u0107a, storage yard i prodaja kontejnera","isPartOf":{"@id":"https:\/\/infinitysolutionsgroup.hr\/#website"},"primaryImageOfPage":{"@id":"https:\/\/infinitysolutionsgroup.hr\/usluge\/#primaryimage"},"image":{"@id":"https:\/\/infinitysolutionsgroup.hr\/usluge\/#primaryimage"},"thumbnailUrl":"https:\/\/infinitysolutionsgroup.hr\/wp-content\/uploads\/2025\/02\/STORAGE-YARD-SPLIT-3.jpg","datePublished":"2024-05-19T15:12:45+00:00","dateModified":"2026-01-26T08:43:30+00:00","description":"Tu smo za sva Va\u0161a pitanja o suhom vezu za brodove u Splitu, betonskim modularnim blokovima, podkonstrukciji za fotonaponske module i skladi\u0161nom prostoru u Splitu.","breadcrumb":{"@id":"https:\/\/infinitysolutionsgroup.hr\/usluge\/#breadcrumb"},"inLanguage":"en-US","potentialAction":[{"@type":"ReadAction","target":["https:\/\/infinitysolutionsgroup.hr\/usluge\/"]}]},{"@type":"ImageObject","inLanguage":"en-US","@id":"https:\/\/infinitysolutionsgroup.hr\/usluge\/#primaryimage","url":"https:\/\/infinitysolutionsgroup.hr\/wp-content\/uploads\/2025\/02\/STORAGE-YARD-SPLIT-3.jpg","contentUrl":"https:\/\/infinitysolutionsgroup.hr\/wp-content\/uploads\/2025\/02\/STORAGE-YARD-SPLIT-3.jpg"},{"@type":"BreadcrumbList","@id":"https:\/\/infinitysolutionsgroup.hr\/usluge\/#breadcrumb","itemListElement":[{"@type":"ListItem","position":1,"name":"Home","item":"https:\/\/infinitysolutionsgroup.hr\/"},{"@type":"ListItem","position":2,"name":"Usluge"}]},{"@type":"WebSite","@id":"https:\/\/infinitysolutionsgroup.hr\/#website","url":"https:\/\/infinitysolutionsgroup.hr\/","name":"Infinity Solutions Group","description":"Prodaja mobilnih ku\u0107a, storage yard i prodaja kontejnera","publisher":{"@id":"https:\/\/infinitysolutionsgroup.hr\/#organization"},"potentialAction":[{"@type":"SearchAction","target":{"@type":"EntryPoint","urlTemplate":"https:\/\/infinitysolutionsgroup.hr\/?s={search_term_string}"},"query-input":{"@type":"PropertyValueSpecification","valueRequired":true,"valueName":"search_term_string"}}],"inLanguage":"en-US"},{"@type":"Organization","@id":"https:\/\/infinitysolutionsgroup.hr\/#organization","name":"Infinity Solutions Group","url":"https:\/\/infinitysolutionsgroup.hr\/","logo":{"@type":"ImageObject","inLanguage":"en-US","@id":"https:\/\/infinitysolutionsgroup.hr\/#\/schema\/logo\/image\/","url":"https:\/\/infinitysolutionsgroup.hr\/wp-content\/uploads\/2024\/07\/Infinity-solutions-group-logo.jpg","contentUrl":"https:\/\/infinitysolutionsgroup.hr\/wp-content\/uploads\/2024\/07\/Infinity-solutions-group-logo.jpg","width":138,"height":106,"caption":"Infinity Solutions Group"},"image":{"@id":"https:\/\/infinitysolutionsgroup.hr\/#\/schema\/logo\/image\/"}}]}},"_links":{"self":[{"href":"https:\/\/infinitysolutionsgroup.hr\/en\/wp-json\/wp\/v2\/pages\/18","targetHints":{"allow":["GET"]}}],"collection":[{"href":"https:\/\/infinitysolutionsgroup.hr\/en\/wp-json\/wp\/v2\/pages"}],"about":[{"href":"https:\/\/infinitysolutionsgroup.hr\/en\/wp-json\/wp\/v2\/types\/page"}],"author":[{"embeddable":true,"href":"https:\/\/infinitysolutionsgroup.hr\/en\/wp-json\/wp\/v2\/users\/1"}],"replies":[{"embeddable":true,"href":"https:\/\/infinitysolutionsgroup.hr\/en\/wp-json\/wp\/v2\/comments?post=18"}],"version-history":[{"count":116,"href":"https:\/\/infinitysolutionsgroup.hr\/en\/wp-json\/wp\/v2\/pages\/18\/revisions"}],"predecessor-version":[{"id":2719,"href":"https:\/\/infinitysolutionsgroup.hr\/en\/wp-json\/wp\/v2\/pages\/18\/revisions\/2719"}],"wp:attachment":[{"href":"https:\/\/infinitysolutionsgroup.hr\/en\/wp-json\/wp\/v2\/media?parent=18"}],"curies":[{"name":"wp","href":"https:\/\/api.w.org\/{rel}","templated":true}]}}