{"id":2,"date":"2024-05-16T12:59:26","date_gmt":"2024-05-16T12:59:26","guid":{"rendered":"https:\/\/infinitysolutionsgroup.hr\/?page_id=2"},"modified":"2026-01-26T08:35:57","modified_gmt":"2026-01-26T08:35:57","slug":"naslovnica","status":"publish","type":"page","link":"https:\/\/infinitysolutionsgroup.hr\/en\/","title":{"rendered":"Home"},"content":{"rendered":"<div data-elementor-type=\"wp-page\" data-elementor-id=\"2\" class=\"elementor elementor-2\">\n\t\t\t\t<div class=\"elementor-element elementor-element-56d150a e-con-full e-flex e-con e-parent\" data-id=\"56d150a\" data-element_type=\"container\">\n\t\t\t\t<div class=\"elementor-element elementor-element-265e224 elementor-widget elementor-widget-shortcode\" data-id=\"265e224\" data-element_type=\"widget\" data-widget_type=\"shortcode.default\">\n\t\t\t\t<div class=\"elementor-widget-container\">\n\t\t\t\t\t\t\t<div class=\"elementor-shortcode\"><\/div>\n\t\t\t\t\t\t<\/div>\n\t\t\t\t<\/div>\n\t\t\t\t<\/div>\n\t\t\t\t<section class=\"elementor-section elementor-top-section elementor-element elementor-element-88649a9 elementor-section-full_width elementor-section-height-default elementor-section-height-default\" data-id=\"88649a9\" data-element_type=\"section\" data-settings=\"{&quot;background_background&quot;:&quot;classic&quot;}\">\n\t\t\t\t\t\t<div class=\"elementor-container elementor-column-gap-default\">\n\t\t\t\t\t<div class=\"elementor-column elementor-col-25 elementor-top-column elementor-element elementor-element-41cd755\" data-id=\"41cd755\" data-element_type=\"column\" data-settings=\"{&quot;background_background&quot;:&quot;classic&quot;}\">\n\t\t\t<div class=\"elementor-widget-wrap elementor-element-populated\">\n\t\t\t\t\t\t<div class=\"elementor-element elementor-element-a7d166d elementor-widget elementor-widget-heading\" data-id=\"a7d166d\" data-element_type=\"widget\" data-widget_type=\"heading.default\">\n\t\t\t\t<div class=\"elementor-widget-container\">\n\t\t\t\t\t<h5 class=\"elementor-heading-title elementor-size-default\">Sigurnost i fleksibilnost\n<\/h5>\t\t\t\t<\/div>\n\t\t\t\t<\/div>\n\t\t\t\t<div class=\"elementor-element elementor-element-8f38d4d elementor-widget elementor-widget-text-editor\" data-id=\"8f38d4d\" data-element_type=\"widget\" data-widget_type=\"text-editor.default\">\n\t\t\t\t<div class=\"elementor-widget-container\">\n\t\t\t\t\t\t\t\t\t<p style=\"text-align: justify;\">Na\u0161i skladi\u0161ni prostori \/ kontejneri su osigurani, pod videonadzorom i prilagodljivi va\u0161im specifi\u010dnim zahtjevima. Vi birate dimenzije, trajanje i funkcionalnost.<\/p>\t\t\t\t\t\t\t\t<\/div>\n\t\t\t\t<\/div>\n\t\t\t\t\t<\/div>\n\t\t<\/div>\n\t\t\t\t<div class=\"elementor-column elementor-col-25 elementor-top-column elementor-element elementor-element-cae417d\" data-id=\"cae417d\" data-element_type=\"column\" data-settings=\"{&quot;background_background&quot;:&quot;classic&quot;}\">\n\t\t\t<div class=\"elementor-widget-wrap elementor-element-populated\">\n\t\t\t\t\t\t<div class=\"elementor-element elementor-element-3a075ab elementor-widget elementor-widget-heading\" data-id=\"3a075ab\" data-element_type=\"widget\" data-widget_type=\"heading.default\">\n\t\t\t\t<div class=\"elementor-widget-container\">\n\t\t\t\t\t<h5 class=\"elementor-heading-title elementor-size-default\">Brza i pouzdana isporuka<\/h5>\t\t\t\t<\/div>\n\t\t\t\t<\/div>\n\t\t\t\t<div class=\"elementor-element elementor-element-3782f78 elementor-widget elementor-widget-text-editor\" data-id=\"3782f78\" data-element_type=\"widget\" data-widget_type=\"text-editor.default\">\n\t\t\t\t<div class=\"elementor-widget-container\">\n\t\t\t\t\t\t\t\t\t<p style=\"text-align: justify;\">Ne gubite vrijeme \u2013 na\u0161i kontejneri i oprema sti\u017eu brzo, sigurno i prema dogovoru. Organiziramo dostavu na \u017eeljenu lokaciju u najkra\u0107em mogu\u0107em roku.<\/p>\t\t\t\t\t\t\t\t<\/div>\n\t\t\t\t<\/div>\n\t\t\t\t\t<\/div>\n\t\t<\/div>\n\t\t\t\t<div class=\"elementor-column elementor-col-25 elementor-top-column elementor-element elementor-element-dfdc797\" data-id=\"dfdc797\" data-element_type=\"column\" data-settings=\"{&quot;background_background&quot;:&quot;classic&quot;}\">\n\t\t\t<div class=\"elementor-widget-wrap elementor-element-populated\">\n\t\t\t\t\t\t<div class=\"elementor-element elementor-element-531c83b elementor-widget elementor-widget-heading\" data-id=\"531c83b\" data-element_type=\"widget\" data-widget_type=\"heading.default\">\n\t\t\t\t<div class=\"elementor-widget-container\">\n\t\t\t\t\t<h2 class=\"elementor-heading-title elementor-size-default\">Individualni pristup svakom klijentu<\/h2>\t\t\t\t<\/div>\n\t\t\t\t<\/div>\n\t\t\t\t<div class=\"elementor-element elementor-element-43e7c39 elementor-widget elementor-widget-text-editor\" data-id=\"43e7c39\" data-element_type=\"widget\" data-widget_type=\"text-editor.default\">\n\t\t\t\t<div class=\"elementor-widget-container\">\n\t\t\t\t\t\t\t\t\t<p style=\"text-align: justify;\">Svaki projekt je druga\u010diji, stoga vam pristupamo osobno. Savjetujemo, prilago\u0111avamo i nudimo rje\u0161enja koja stvarno odgovaraju va\u0161im potrebama.<\/p>\t\t\t\t\t\t\t\t<\/div>\n\t\t\t\t<\/div>\n\t\t\t\t\t<\/div>\n\t\t<\/div>\n\t\t\t\t<div class=\"elementor-column elementor-col-25 elementor-top-column elementor-element elementor-element-a93713e\" data-id=\"a93713e\" data-element_type=\"column\" data-settings=\"{&quot;background_background&quot;:&quot;classic&quot;}\">\n\t\t\t<div class=\"elementor-widget-wrap elementor-element-populated\">\n\t\t\t\t\t\t<div class=\"elementor-element elementor-element-1160694 elementor-widget elementor-widget-heading\" data-id=\"1160694\" data-element_type=\"widget\" data-widget_type=\"heading.default\">\n\t\t\t\t<div class=\"elementor-widget-container\">\n\t\t\t\t\t<h5 class=\"elementor-heading-title elementor-size-default\">Tehni\u010dka podr\u0161ka <\/h5>\t\t\t\t<\/div>\n\t\t\t\t<\/div>\n\t\t\t\t<div class=\"elementor-element elementor-element-fedad68 elementor-widget elementor-widget-text-editor\" data-id=\"fedad68\" data-element_type=\"widget\" data-widget_type=\"text-editor.default\">\n\t\t\t\t<div class=\"elementor-widget-container\">\n\t\t\t\t\t\t\t\t\t<p style=\"text-align: justify;\">Nudimo stru\u010dnu podr\u0161ku od prvog kontakta do zavr\u0161etka projekta \u2013 i nakon toga. Gradimo dugoro\u010dne odnose temeljene na povjerenju i kvaliteti.<\/p>\t\t\t\t\t\t\t\t<\/div>\n\t\t\t\t<\/div>\n\t\t\t\t\t<\/div>\n\t\t<\/div>\n\t\t\t\t\t<\/div>\n\t\t<\/section>\n\t\t<div class=\"elementor-element elementor-element-de7b0e8 e-grid e-con-boxed e-con e-parent\" data-id=\"de7b0e8\" data-element_type=\"container\" data-settings=\"{&quot;background_background&quot;:&quot;classic&quot;}\">\n\t\t\t\t\t<div class=\"e-con-inner\">\n\t\t\t\t<div class=\"elementor-element elementor-element-ee80370 elementor-position-top elementor-invisible elementor-widget elementor-widget-image-box\" data-id=\"ee80370\" data-element_type=\"widget\" data-settings=\"{&quot;_animation&quot;:&quot;zoomIn&quot;}\" data-widget_type=\"image-box.default\">\n\t\t\t\t<div class=\"elementor-widget-container\">\n\t\t\t\t\t<div class=\"elementor-image-box-wrapper\"><figure class=\"elementor-image-box-img\"><a href=\"https:\/\/storageyard.hr\/\" tabindex=\"-1\"><img fetchpriority=\"high\" decoding=\"async\" width=\"768\" height=\"512\" src=\"https:\/\/infinitysolutionsgroup.hr\/wp-content\/uploads\/2025\/02\/STORAGE-YARD-SPLIT-3.jpg\" class=\"attachment-full size-full wp-image-2009\" alt=\"Najam skladi\u0161ta u Splitu\" srcset=\"https:\/\/infinitysolutionsgroup.hr\/wp-content\/uploads\/2025\/02\/STORAGE-YARD-SPLIT-3.jpg 768w, https:\/\/infinitysolutionsgroup.hr\/wp-content\/uploads\/2025\/02\/STORAGE-YARD-SPLIT-3-300x200.jpg 300w, https:\/\/infinitysolutionsgroup.hr\/wp-content\/uploads\/2025\/02\/STORAGE-YARD-SPLIT-3-18x12.jpg 18w, https:\/\/infinitysolutionsgroup.hr\/wp-content\/uploads\/2025\/02\/STORAGE-YARD-SPLIT-3-360x240.jpg 360w\" sizes=\"(max-width: 768px) 100vw, 768px\" \/><\/a><\/figure><div class=\"elementor-image-box-content\"><h2 class=\"elementor-image-box-title\"><a href=\"https:\/\/storageyard.hr\/\">STORAGE YARD <\/a><\/h2><p class=\"elementor-image-box-description\">Nudimo kvalitetne i dobro organizirane skladi\u0161ne prostore za pohranu opreme, kako za privatne osobe tako i za tvrtke.  Prostor je potpuno ogra\u0111en, opremljen sigurnosnim sustavom video nadzora I pokriven rasvjetom. <\/p><\/div><\/div>\t\t\t\t<\/div>\n\t\t\t\t<\/div>\n\t\t\t\t<div class=\"elementor-element elementor-element-696c77c elementor-position-top elementor-invisible elementor-widget elementor-widget-image-box\" data-id=\"696c77c\" data-element_type=\"widget\" data-settings=\"{&quot;_animation&quot;:&quot;zoomIn&quot;}\" data-widget_type=\"image-box.default\">\n\t\t\t\t<div class=\"elementor-widget-container\">\n\t\t\t\t\t<div class=\"elementor-image-box-wrapper\"><figure class=\"elementor-image-box-img\"><a href=\"https:\/\/infinitysolutionsgroup.hr\/prodaja-mobilnih-kuca\/\" tabindex=\"-1\"><img decoding=\"async\" width=\"768\" height=\"512\" src=\"https:\/\/infinitysolutionsgroup.hr\/wp-content\/uploads\/2026\/01\/prodaja-mobilnih-kuca-split-1.webp\" class=\"attachment-full size-full wp-image-2675\" alt=\"prodaja mobilnih kuca split\" srcset=\"https:\/\/infinitysolutionsgroup.hr\/wp-content\/uploads\/2026\/01\/prodaja-mobilnih-kuca-split-1.webp 768w, https:\/\/infinitysolutionsgroup.hr\/wp-content\/uploads\/2026\/01\/prodaja-mobilnih-kuca-split-1-300x200.webp 300w, https:\/\/infinitysolutionsgroup.hr\/wp-content\/uploads\/2026\/01\/prodaja-mobilnih-kuca-split-1-18x12.webp 18w, https:\/\/infinitysolutionsgroup.hr\/wp-content\/uploads\/2026\/01\/prodaja-mobilnih-kuca-split-1-360x240.webp 360w\" sizes=\"(max-width: 768px) 100vw, 768px\" \/><\/a><\/figure><div class=\"elementor-image-box-content\"><h2 class=\"elementor-image-box-title\"><a href=\"https:\/\/infinitysolutionsgroup.hr\/prodaja-mobilnih-kuca\/\">MOBILNE SKLOPIVE KU\u0106E ZA PRODAJU<\/a><\/h2><p class=\"elementor-image-box-description\">U ponudi imamo mobilne sklopive ku\u0107e koje se transportiraju u kompaktnom obliku, a na lokaciji se otvaraju u potpuno funkcionalan i udoban \u017eivotni prostor. Prikladne su za stanovanje, turizam i poslovne namjene.<\/p><\/div><\/div>\t\t\t\t<\/div>\n\t\t\t\t<\/div>\n\t\t\t\t<div class=\"elementor-element elementor-element-4ee5111 elementor-position-top elementor-invisible elementor-widget elementor-widget-image-box\" data-id=\"4ee5111\" data-element_type=\"widget\" data-settings=\"{&quot;_animation&quot;:&quot;zoomIn&quot;}\" data-widget_type=\"image-box.default\">\n\t\t\t\t<div class=\"elementor-widget-container\">\n\t\t\t\t\t<div class=\"elementor-image-box-wrapper\"><figure class=\"elementor-image-box-img\"><a href=\"https:\/\/infinitysolutionsgroup.hr\/prodaja-kontejnera\/\" tabindex=\"-1\"><img decoding=\"async\" width=\"768\" height=\"512\" src=\"https:\/\/infinitysolutionsgroup.hr\/wp-content\/uploads\/2025\/06\/kontejneri-split-1.webp\" class=\"attachment-full size-full wp-image-2565\" alt=\"kontejneri-split\" srcset=\"https:\/\/infinitysolutionsgroup.hr\/wp-content\/uploads\/2025\/06\/kontejneri-split-1.webp 768w, https:\/\/infinitysolutionsgroup.hr\/wp-content\/uploads\/2025\/06\/kontejneri-split-1-300x200.webp 300w, https:\/\/infinitysolutionsgroup.hr\/wp-content\/uploads\/2025\/06\/kontejneri-split-1-18x12.webp 18w, https:\/\/infinitysolutionsgroup.hr\/wp-content\/uploads\/2025\/06\/kontejneri-split-1-360x240.webp 360w\" sizes=\"(max-width: 768px) 100vw, 768px\" \/><\/a><\/figure><div class=\"elementor-image-box-content\"><h2 class=\"elementor-image-box-title\"><a href=\"https:\/\/infinitysolutionsgroup.hr\/prodaja-kontejnera\/\">PRODAJA KONTEJNERA<\/a><\/h2><p class=\"elementor-image-box-description\">Nudimo \u0161irok izbor kvalitetnih kontejnera razli\u010ditih dimenzija, vrsta i namjena. Bilo da Vam treba privremeno skladi\u0161te, mobilni ured ili rje\u0161enje za specijalizirane uvjete, mi imamo pravi kontejner za Vas.<\/p><\/div><\/div>\t\t\t\t<\/div>\n\t\t\t\t<\/div>\n\t\t\t\t<div class=\"elementor-element elementor-element-da91855 elementor-position-top elementor-invisible elementor-widget elementor-widget-image-box\" data-id=\"da91855\" data-element_type=\"widget\" data-settings=\"{&quot;_animation&quot;:&quot;zoomIn&quot;}\" data-widget_type=\"image-box.default\">\n\t\t\t\t<div class=\"elementor-widget-container\">\n\t\t\t\t\t<div class=\"elementor-image-box-wrapper\"><figure class=\"elementor-image-box-img\"><a href=\"https:\/\/infinitysolutionsgroup.hr\/energetski-opremljeni-kontejneri\/\" tabindex=\"-1\"><img loading=\"lazy\" decoding=\"async\" width=\"768\" height=\"512\" src=\"https:\/\/infinitysolutionsgroup.hr\/wp-content\/uploads\/2025\/05\/Victron-Energy-sustav.jpg\" class=\"attachment-full size-full wp-image-2279\" alt=\"Victron Energy sustav\" srcset=\"https:\/\/infinitysolutionsgroup.hr\/wp-content\/uploads\/2025\/05\/Victron-Energy-sustav.jpg 768w, https:\/\/infinitysolutionsgroup.hr\/wp-content\/uploads\/2025\/05\/Victron-Energy-sustav-300x200.jpg 300w, https:\/\/infinitysolutionsgroup.hr\/wp-content\/uploads\/2025\/05\/Victron-Energy-sustav-18x12.jpg 18w, https:\/\/infinitysolutionsgroup.hr\/wp-content\/uploads\/2025\/05\/Victron-Energy-sustav-360x240.jpg 360w\" sizes=\"(max-width: 768px) 100vw, 768px\" \/><\/a><\/figure><div class=\"elementor-image-box-content\"><h2 class=\"elementor-image-box-title\"><a href=\"https:\/\/infinitysolutionsgroup.hr\/energetski-opremljeni-kontejneri\/\">ENERGETSKI OPREMLJENI KONTEJNERI<\/a><\/h2><p class=\"elementor-image-box-description\">Kontejneri za energetsku obnovu nude brzo, u\u010dinkovito i fleksibilno rje\u0161enje za smje\u0161taj energetske opreme u projektima obnovljivih izvora energije i modernizacije postoje\u0107ih sustava. <\/p><\/div><\/div>\t\t\t\t<\/div>\n\t\t\t\t<\/div>\n\t\t\t\t\t<\/div>\n\t\t\t\t<\/div>\n\t\t\t\t<\/div>","protected":false},"excerpt":{"rendered":"<p>Sigurnost i fleksibilnost Na\u0161i skladi\u0161ni prostori \/ kontejneri su osigurani, pod videonadzorom i prilagodljivi va\u0161im specifi\u010dnim zahtjevima. Vi birate dimenzije, trajanje i funkcionalnost. Brza i pouzdana isporuka Ne gubite vrijeme \u2013 na\u0161i kontejneri i oprema sti\u017eu brzo, sigurno i prema dogovoru. Organiziramo dostavu na \u017eeljenu lokaciju u najkra\u0107em mogu\u0107em roku. [&hellip;]<\/p>","protected":false},"author":1,"featured_media":0,"parent":0,"menu_order":0,"comment_status":"closed","ping_status":"closed","template":"","meta":{"footnotes":""},"class_list":["post-2","page","type-page","status-publish","hentry"],"yoast_head":"<!-- This site is optimized with the Yoast SEO plugin v26.3 - https:\/\/yoast.com\/wordpress\/plugins\/seo\/ -->\n<title>Infinity Solutions Group - Storage yard Split<\/title>\n<meta name=\"description\" content=\"Najam skladi\u0161ta za privatne i poslovne korisnike. Termoizolirani kontejneri za skladi\u0161tenje. Prostor je potpuno ogra\u0111en, opremljen sigurnosnim sustavom video nadzora i pokriven rasvjetom. Imamo omogu\u0107en prilaz za va\u0161e vozilo ili kombi.\" \/>\n<meta name=\"robots\" content=\"index, follow, max-snippet:-1, max-image-preview:large, max-video-preview:-1\" \/>\n<link rel=\"canonical\" href=\"https:\/\/infinitysolutionsgroup.hr\/en\/\" \/>\n<meta property=\"og:locale\" content=\"en_US\" \/>\n<meta property=\"og:type\" content=\"article\" \/>\n<meta property=\"og:title\" content=\"Infinity Solutions Group - Storage yard Split\" \/>\n<meta property=\"og:description\" content=\"Najam skladi\u0161ta za privatne i poslovne korisnike. Termoizolirani kontejneri za skladi\u0161tenje. Prostor je potpuno ogra\u0111en, opremljen sigurnosnim sustavom video nadzora i pokriven rasvjetom. Imamo omogu\u0107en prilaz za va\u0161e vozilo ili kombi.\" \/>\n<meta property=\"og:url\" content=\"https:\/\/infinitysolutionsgroup.hr\/en\/\" \/>\n<meta property=\"og:site_name\" content=\"Infinity Solutions Group\" \/>\n<meta property=\"article:modified_time\" content=\"2026-01-26T08:35:57+00:00\" \/>\n<meta property=\"og:image\" content=\"https:\/\/infinitysolutionsgroup.hr\/wp-content\/uploads\/2025\/02\/STORAGE-YARD-SPLIT-3.jpg\" \/>\n\t<meta property=\"og:image:width\" content=\"768\" \/>\n\t<meta property=\"og:image:height\" content=\"512\" \/>\n\t<meta property=\"og:image:type\" content=\"image\/jpeg\" \/>\n<meta name=\"twitter:card\" content=\"summary_large_image\" \/>\n<meta name=\"twitter:label1\" content=\"Est. reading time\" \/>\n\t<meta name=\"twitter:data1\" content=\"2 minutes\" \/>\n<script type=\"application\/ld+json\" class=\"yoast-schema-graph\">{\"@context\":\"https:\/\/schema.org\",\"@graph\":[{\"@type\":\"WebPage\",\"@id\":\"https:\/\/infinitysolutionsgroup.hr\/\",\"url\":\"https:\/\/infinitysolutionsgroup.hr\/\",\"name\":\"Infinity Solutions Group - Storage yard Split\",\"isPartOf\":{\"@id\":\"https:\/\/infinitysolutionsgroup.hr\/#website\"},\"primaryImageOfPage\":{\"@id\":\"https:\/\/infinitysolutionsgroup.hr\/#primaryimage\"},\"image\":{\"@id\":\"https:\/\/infinitysolutionsgroup.hr\/#primaryimage\"},\"thumbnailUrl\":\"https:\/\/infinitysolutionsgroup.hr\/wp-content\/uploads\/2025\/02\/STORAGE-YARD-SPLIT-3.jpg\",\"datePublished\":\"2024-05-16T12:59:26+00:00\",\"dateModified\":\"2026-01-26T08:35:57+00:00\",\"description\":\"Najam skladi\u0161ta za privatne i poslovne korisnike. Termoizolirani kontejneri za skladi\u0161tenje. Prostor je potpuno ogra\u0111en, opremljen sigurnosnim sustavom video nadzora i pokriven rasvjetom. Imamo omogu\u0107en prilaz za va\u0161e vozilo ili kombi.\",\"breadcrumb\":{\"@id\":\"https:\/\/infinitysolutionsgroup.hr\/#breadcrumb\"},\"inLanguage\":\"en-US\",\"potentialAction\":[{\"@type\":\"ReadAction\",\"target\":[\"https:\/\/infinitysolutionsgroup.hr\/\"]}]},{\"@type\":\"ImageObject\",\"inLanguage\":\"en-US\",\"@id\":\"https:\/\/infinitysolutionsgroup.hr\/#primaryimage\",\"url\":\"https:\/\/infinitysolutionsgroup.hr\/wp-content\/uploads\/2025\/02\/STORAGE-YARD-SPLIT-3.jpg\",\"contentUrl\":\"https:\/\/infinitysolutionsgroup.hr\/wp-content\/uploads\/2025\/02\/STORAGE-YARD-SPLIT-3.jpg\"},{\"@type\":\"BreadcrumbList\",\"@id\":\"https:\/\/infinitysolutionsgroup.hr\/#breadcrumb\",\"itemListElement\":[{\"@type\":\"ListItem\",\"position\":1,\"name\":\"Home\",\"item\":\"https:\/\/infinitysolutionsgroup.hr\/\"},{\"@type\":\"ListItem\",\"position\":2,\"name\":\"Naslovnica\"}]},{\"@type\":\"WebSite\",\"@id\":\"https:\/\/infinitysolutionsgroup.hr\/#website\",\"url\":\"https:\/\/infinitysolutionsgroup.hr\/\",\"name\":\"Infinity Solutions Group\",\"description\":\"Prodaja mobilnih ku\u0107a, storage yard i prodaja kontejnera\",\"publisher\":{\"@id\":\"https:\/\/infinitysolutionsgroup.hr\/#organization\"},\"potentialAction\":[{\"@type\":\"SearchAction\",\"target\":{\"@type\":\"EntryPoint\",\"urlTemplate\":\"https:\/\/infinitysolutionsgroup.hr\/?s={search_term_string}\"},\"query-input\":{\"@type\":\"PropertyValueSpecification\",\"valueRequired\":true,\"valueName\":\"search_term_string\"}}],\"inLanguage\":\"en-US\"},{\"@type\":\"Organization\",\"@id\":\"https:\/\/infinitysolutionsgroup.hr\/#organization\",\"name\":\"Infinity Solutions Group\",\"url\":\"https:\/\/infinitysolutionsgroup.hr\/\",\"logo\":{\"@type\":\"ImageObject\",\"inLanguage\":\"en-US\",\"@id\":\"https:\/\/infinitysolutionsgroup.hr\/#\/schema\/logo\/image\/\",\"url\":\"https:\/\/infinitysolutionsgroup.hr\/wp-content\/uploads\/2024\/07\/Infinity-solutions-group-logo.jpg\",\"contentUrl\":\"https:\/\/infinitysolutionsgroup.hr\/wp-content\/uploads\/2024\/07\/Infinity-solutions-group-logo.jpg\",\"width\":138,\"height\":106,\"caption\":\"Infinity Solutions Group\"},\"image\":{\"@id\":\"https:\/\/infinitysolutionsgroup.hr\/#\/schema\/logo\/image\/\"}}]}<\/script>\n<!-- \/ Yoast SEO plugin. -->","yoast_head_json":{"title":"Infinity Solutions Group - Storage yard Split","description":"Najam skladi\u0161ta za privatne i poslovne korisnike. Termoizolirani kontejneri za skladi\u0161tenje. Prostor je potpuno ogra\u0111en, opremljen sigurnosnim sustavom video nadzora i pokriven rasvjetom. Imamo omogu\u0107en prilaz za va\u0161e vozilo ili kombi.","robots":{"index":"index","follow":"follow","max-snippet":"max-snippet:-1","max-image-preview":"max-image-preview:large","max-video-preview":"max-video-preview:-1"},"canonical":"https:\/\/infinitysolutionsgroup.hr\/en\/","og_locale":"en_US","og_type":"article","og_title":"Infinity Solutions Group - Storage yard Split","og_description":"Najam skladi\u0161ta za privatne i poslovne korisnike. Termoizolirani kontejneri za skladi\u0161tenje. Prostor je potpuno ogra\u0111en, opremljen sigurnosnim sustavom video nadzora i pokriven rasvjetom. Imamo omogu\u0107en prilaz za va\u0161e vozilo ili kombi.","og_url":"https:\/\/infinitysolutionsgroup.hr\/en\/","og_site_name":"Infinity Solutions Group","article_modified_time":"2026-01-26T08:35:57+00:00","og_image":[{"width":768,"height":512,"url":"https:\/\/infinitysolutionsgroup.hr\/wp-content\/uploads\/2025\/02\/STORAGE-YARD-SPLIT-3.jpg","type":"image\/jpeg"}],"twitter_card":"summary_large_image","twitter_misc":{"Est. reading time":"2 minutes"},"schema":{"@context":"https:\/\/schema.org","@graph":[{"@type":"WebPage","@id":"https:\/\/infinitysolutionsgroup.hr\/","url":"https:\/\/infinitysolutionsgroup.hr\/","name":"Infinity Solutions Group - Storage yard Split","isPartOf":{"@id":"https:\/\/infinitysolutionsgroup.hr\/#website"},"primaryImageOfPage":{"@id":"https:\/\/infinitysolutionsgroup.hr\/#primaryimage"},"image":{"@id":"https:\/\/infinitysolutionsgroup.hr\/#primaryimage"},"thumbnailUrl":"https:\/\/infinitysolutionsgroup.hr\/wp-content\/uploads\/2025\/02\/STORAGE-YARD-SPLIT-3.jpg","datePublished":"2024-05-16T12:59:26+00:00","dateModified":"2026-01-26T08:35:57+00:00","description":"Najam skladi\u0161ta za privatne i poslovne korisnike. Termoizolirani kontejneri za skladi\u0161tenje. Prostor je potpuno ogra\u0111en, opremljen sigurnosnim sustavom video nadzora i pokriven rasvjetom. Imamo omogu\u0107en prilaz za va\u0161e vozilo ili kombi.","breadcrumb":{"@id":"https:\/\/infinitysolutionsgroup.hr\/#breadcrumb"},"inLanguage":"en-US","potentialAction":[{"@type":"ReadAction","target":["https:\/\/infinitysolutionsgroup.hr\/"]}]},{"@type":"ImageObject","inLanguage":"en-US","@id":"https:\/\/infinitysolutionsgroup.hr\/#primaryimage","url":"https:\/\/infinitysolutionsgroup.hr\/wp-content\/uploads\/2025\/02\/STORAGE-YARD-SPLIT-3.jpg","contentUrl":"https:\/\/infinitysolutionsgroup.hr\/wp-content\/uploads\/2025\/02\/STORAGE-YARD-SPLIT-3.jpg"},{"@type":"BreadcrumbList","@id":"https:\/\/infinitysolutionsgroup.hr\/#breadcrumb","itemListElement":[{"@type":"ListItem","position":1,"name":"Home","item":"https:\/\/infinitysolutionsgroup.hr\/"},{"@type":"ListItem","position":2,"name":"Naslovnica"}]},{"@type":"WebSite","@id":"https:\/\/infinitysolutionsgroup.hr\/#website","url":"https:\/\/infinitysolutionsgroup.hr\/","name":"Infinity Solutions Group","description":"Prodaja mobilnih ku\u0107a, storage yard i prodaja kontejnera","publisher":{"@id":"https:\/\/infinitysolutionsgroup.hr\/#organization"},"potentialAction":[{"@type":"SearchAction","target":{"@type":"EntryPoint","urlTemplate":"https:\/\/infinitysolutionsgroup.hr\/?s={search_term_string}"},"query-input":{"@type":"PropertyValueSpecification","valueRequired":true,"valueName":"search_term_string"}}],"inLanguage":"en-US"},{"@type":"Organization","@id":"https:\/\/infinitysolutionsgroup.hr\/#organization","name":"Infinity Solutions Group","url":"https:\/\/infinitysolutionsgroup.hr\/","logo":{"@type":"ImageObject","inLanguage":"en-US","@id":"https:\/\/infinitysolutionsgroup.hr\/#\/schema\/logo\/image\/","url":"https:\/\/infinitysolutionsgroup.hr\/wp-content\/uploads\/2024\/07\/Infinity-solutions-group-logo.jpg","contentUrl":"https:\/\/infinitysolutionsgroup.hr\/wp-content\/uploads\/2024\/07\/Infinity-solutions-group-logo.jpg","width":138,"height":106,"caption":"Infinity Solutions Group"},"image":{"@id":"https:\/\/infinitysolutionsgroup.hr\/#\/schema\/logo\/image\/"}}]}},"_links":{"self":[{"href":"https:\/\/infinitysolutionsgroup.hr\/en\/wp-json\/wp\/v2\/pages\/2","targetHints":{"allow":["GET"]}}],"collection":[{"href":"https:\/\/infinitysolutionsgroup.hr\/en\/wp-json\/wp\/v2\/pages"}],"about":[{"href":"https:\/\/infinitysolutionsgroup.hr\/en\/wp-json\/wp\/v2\/types\/page"}],"author":[{"embeddable":true,"href":"https:\/\/infinitysolutionsgroup.hr\/en\/wp-json\/wp\/v2\/users\/1"}],"replies":[{"embeddable":true,"href":"https:\/\/infinitysolutionsgroup.hr\/en\/wp-json\/wp\/v2\/comments?post=2"}],"version-history":[{"count":208,"href":"https:\/\/infinitysolutionsgroup.hr\/en\/wp-json\/wp\/v2\/pages\/2\/revisions"}],"predecessor-version":[{"id":2710,"href":"https:\/\/infinitysolutionsgroup.hr\/en\/wp-json\/wp\/v2\/pages\/2\/revisions\/2710"}],"wp:attachment":[{"href":"https:\/\/infinitysolutionsgroup.hr\/en\/wp-json\/wp\/v2\/media?parent=2"}],"curies":[{"name":"wp","href":"https:\/\/api.w.org\/{rel}","templated":true}]}}